{"id":1031,"date":"2021-06-25T10:33:36","date_gmt":"2021-06-25T08:33:36","guid":{"rendered":"https:\/\/ackinternational.com\/?page_id=1031"},"modified":"2021-10-21T11:53:56","modified_gmt":"2021-10-21T09:53:56","slug":"nous-contacter","status":"publish","type":"page","link":"https:\/\/ackinternational.com\/en\/nous-contacter\/","title":{"rendered":"Contact us"},"content":{"rendered":"<div data-elementor-type=\"wp-page\" data-elementor-id=\"1031\" class=\"elementor elementor-1031\" data-elementor-post-type=\"page\">\n\t\t\t\t\t\t<section class=\"elementor-section elementor-top-section elementor-element elementor-element-b878248 elementor-section-boxed elementor-section-height-default elementor-section-height-default\" data-id=\"b878248\" data-element_type=\"section\" data-settings=\"{&quot;background_background&quot;:&quot;classic&quot;}\">\n\t\t\t\t\t\t<div class=\"elementor-container elementor-column-gap-default\">\n\t\t\t\t\t<div class=\"elementor-column elementor-col-100 elementor-top-column elementor-element elementor-element-2081694\" data-id=\"2081694\" data-element_type=\"column\">\n\t\t\t<div class=\"elementor-widget-wrap elementor-element-populated\">\n\t\t\t\t\t\t<div class=\"elementor-element elementor-element-daeec08 elementor-widget elementor-widget-heading\" data-id=\"daeec08\" data-element_type=\"widget\" data-widget_type=\"heading.default\">\n\t\t\t\t<div class=\"elementor-widget-container\">\n\t\t\t<h1 class=\"elementor-heading-title elementor-size-default\">Contact us<\/h1>\t\t<\/div>\n\t\t\t\t<\/div>\n\t\t\t\t<div class=\"elementor-element elementor-element-e833b22 elementor-widget-divider--view-line_icon elementor-view-default elementor-widget-divider--element-align-center elementor-widget elementor-widget-divider\" data-id=\"e833b22\" data-element_type=\"widget\" data-widget_type=\"divider.default\">\n\t\t\t\t<div class=\"elementor-widget-container\">\n\t\t\t\t\t<div class=\"elementor-divider\">\n\t\t\t<span class=\"elementor-divider-separator\">\n\t\t\t\t\t\t\t<div class=\"elementor-icon elementor-divider__element\">\n\t\t\t\t\t<i aria-hidden=\"true\" class=\"fas fa-circle\"><\/i><\/div>\n\t\t\t\t\t\t<\/span>\n\t\t<\/div>\n\t\t\t\t<\/div>\n\t\t\t\t<\/div>\n\t\t\t\t<div class=\"elementor-element elementor-element-96ca3a9 elementor-align-center elementor-icon-list--layout-inline elementor-tablet-align-center elementor-mobile-align-left elementor-list-item-link-full_width elementor-widget elementor-widget-icon-list\" data-id=\"96ca3a9\" data-element_type=\"widget\" data-widget_type=\"icon-list.default\">\n\t\t\t\t<div class=\"elementor-widget-container\">\n\t\t\t\t\t<ul class=\"elementor-icon-list-items elementor-inline-items\">\n\t\t\t\t\t\t\t<li class=\"elementor-icon-list-item elementor-inline-item\">\n\t\t\t\t\t\t\t\t\t\t\t<a href=\"tel: 33687888545\">\n\n\t\t\t\t\t\t\t\t\t\t\t\t<span class=\"elementor-icon-list-icon\">\n\t\t\t\t\t\t\t<i aria-hidden=\"true\" class=\"fas fa-phone-alt\"><\/i>\t\t\t\t\t\t<\/span>\n\t\t\t\t\t\t\t\t\t\t<span class=\"elementor-icon-list-text\">+33(0)6 87 88 85 45<\/span>\n\t\t\t\t\t\t\t\t\t\t\t<\/a>\n\t\t\t\t\t\t\t\t\t<\/li>\n\t\t\t\t\t\t\t\t<li class=\"elementor-icon-list-item elementor-inline-item\">\n\t\t\t\t\t\t\t\t\t\t\t<a href=\"mailto:mauret@ackinternational.com\">\n\n\t\t\t\t\t\t\t\t\t\t\t\t<span class=\"elementor-icon-list-icon\">\n\t\t\t\t\t\t\t<i aria-hidden=\"true\" class=\"fas fa-envelope-open-text\"><\/i>\t\t\t\t\t\t<\/span>\n\t\t\t\t\t\t\t\t\t\t<span class=\"elementor-icon-list-text\">mauret@ackinternational.com<\/span>\n\t\t\t\t\t\t\t\t\t\t\t<\/a>\n\t\t\t\t\t\t\t\t\t<\/li>\n\t\t\t\t\t\t\t\t<li class=\"elementor-icon-list-item elementor-inline-item\">\n\t\t\t\t\t\t\t\t\t\t\t<a href=\"https:\/\/www.linkedin.com\/company\/ackinternational\/\">\n\n\t\t\t\t\t\t\t\t\t\t\t\t<span class=\"elementor-icon-list-icon\">\n\t\t\t\t\t\t\t<i aria-hidden=\"true\" class=\"fab fa-linkedin\"><\/i>\t\t\t\t\t\t<\/span>\n\t\t\t\t\t\t\t\t\t\t<span class=\"elementor-icon-list-text\">LinkedIn<\/span>\n\t\t\t\t\t\t\t\t\t\t\t<\/a>\n\t\t\t\t\t\t\t\t\t<\/li>\n\t\t\t\t\t\t<\/ul>\n\t\t\t\t<\/div>\n\t\t\t\t<\/div>\n\t\t\t\t<div class=\"elementor-element elementor-element-865d476 elementor-widget elementor-widget-text-editor\" data-id=\"865d476\" data-element_type=\"widget\" data-widget_type=\"text-editor.default\">\n\t\t\t\t<div class=\"elementor-widget-container\">\n\t\t\t\t\t\t\t<p>Vous souhaitez nous \u00e9crire ? Merci d&#8217;utiliser le formulaire de contact ci-dessous. Une r\u00e9ponse vous sera apport\u00e9e par e-mail dans les meilleurs d\u00e9lais.<\/p>\t\t\t\t\t\t<\/div>\n\t\t\t\t<\/div>\n\t\t\t\t\t<\/div>\n\t\t<\/div>\n\t\t\t\t\t<\/div>\n\t\t<\/section>\n\t\t\t\t<section class=\"elementor-section elementor-top-section elementor-element elementor-element-e129256 elementor-section-boxed elementor-section-height-default elementor-section-height-default\" data-id=\"e129256\" data-element_type=\"section\" data-settings=\"{&quot;background_background&quot;:&quot;classic&quot;}\">\n\t\t\t\t\t\t<div class=\"elementor-container elementor-column-gap-default\">\n\t\t\t\t\t<div class=\"elementor-column elementor-col-100 elementor-top-column elementor-element elementor-element-db80db5\" data-id=\"db80db5\" data-element_type=\"column\">\n\t\t\t<div class=\"elementor-widget-wrap elementor-element-populated\">\n\t\t\t\t\t\t<div class=\"elementor-element elementor-element-9057835 elementor-button-align-center elementor-widget elementor-widget-form\" data-id=\"9057835\" data-element_type=\"widget\" data-settings=\"{&quot;step_next_label&quot;:&quot;Suivant&quot;,&quot;step_previous_label&quot;:&quot;Pr\\u00e9c\\u00e9dent&quot;,&quot;button_width&quot;:&quot;100&quot;,&quot;step_type&quot;:&quot;number_text&quot;,&quot;step_icon_shape&quot;:&quot;circle&quot;}\" data-widget_type=\"form.default\">\n\t\t\t\t<div class=\"elementor-widget-container\">\n\t\t\t\t\t<form class=\"elementor-form\" method=\"post\" name=\"Formulaire de contact\" action=\"\">\n\t\t\t<input type=\"hidden\" name=\"post_id\" value=\"1031\"\/>\n\t\t\t<input type=\"hidden\" name=\"form_id\" value=\"9057835\"\/>\n\t\t\t<input type=\"hidden\" name=\"referer_title\" value=\"ACK International\" \/>\n\n\t\t\t\n\t\t\t<div class=\"elementor-form-fields-wrapper elementor-labels-above\">\n\t\t\t\t\t\t\t\t<div class=\"elementor-field-type-text elementor-field-group elementor-column elementor-field-group-name elementor-col-50 elementor-field-required\">\n\t\t\t\t\t\t\t\t\t\t\t\t<label for=\"form-field-name\" class=\"elementor-field-label\">\n\t\t\t\t\t\t\t\tLast name\t\t\t\t\t\t\t<\/label>\n\t\t\t\t\t\t\t\t\t\t\t\t\t\t<input size=\"1\" type=\"text\" name=\"form_fields[name]\" id=\"form-field-name\" class=\"elementor-field elementor-size-md  elementor-field-textual\" placeholder=\"Your last name...\" required=\"required\" aria-required=\"true\">\n\t\t\t\t\t\t\t\t\t\t\t<\/div>\n\t\t\t\t\t\t\t\t<div class=\"elementor-field-type-text elementor-field-group elementor-column elementor-field-group-field_201420b elementor-col-50 elementor-field-required\">\n\t\t\t\t\t\t\t\t\t\t\t\t<label for=\"form-field-field_201420b\" class=\"elementor-field-label\">\n\t\t\t\t\t\t\t\tFirst name\t\t\t\t\t\t\t<\/label>\n\t\t\t\t\t\t\t\t\t\t\t\t\t\t<input size=\"1\" type=\"text\" name=\"form_fields[field_201420b]\" id=\"form-field-field_201420b\" class=\"elementor-field elementor-size-md  elementor-field-textual\" placeholder=\"Your first name...\" required=\"required\" aria-required=\"true\">\n\t\t\t\t\t\t\t\t\t\t\t<\/div>\n\t\t\t\t\t\t\t\t<div class=\"elementor-field-type-email elementor-field-group elementor-column elementor-field-group-email elementor-col-50 elementor-field-required\">\n\t\t\t\t\t\t\t\t\t\t\t\t<label for=\"form-field-email\" class=\"elementor-field-label\">\n\t\t\t\t\t\t\t\tEmail address\t\t\t\t\t\t\t<\/label>\n\t\t\t\t\t\t\t\t\t\t\t\t\t\t<input size=\"1\" type=\"email\" name=\"form_fields[email]\" id=\"form-field-email\" class=\"elementor-field elementor-size-md  elementor-field-textual\" placeholder=\"Your email address...\" required=\"required\" aria-required=\"true\">\n\t\t\t\t\t\t\t\t\t\t\t<\/div>\n\t\t\t\t\t\t\t\t<div class=\"elementor-field-type-tel elementor-field-group elementor-column elementor-field-group-field_9c070d7 elementor-col-50 elementor-field-required\">\n\t\t\t\t\t\t\t\t\t\t\t\t<label for=\"form-field-field_9c070d7\" class=\"elementor-field-label\">\n\t\t\t\t\t\t\t\tPhone number\t\t\t\t\t\t\t<\/label>\n\t\t\t\t\t\t\t\t<input size=\"1\" type=\"tel\" name=\"form_fields[field_9c070d7]\" id=\"form-field-field_9c070d7\" class=\"elementor-field elementor-size-md  elementor-field-textual\" placeholder=\"Your phone number...\" required=\"required\" aria-required=\"true\" pattern=\"[0-9()#&amp;+*-=.]+\" title=\"Only numbers and phone characters (#, -, *, etc) are accepted.\">\n\n\t\t\t\t\t\t<\/div>\n\t\t\t\t\t\t\t\t<div class=\"elementor-field-type-textarea elementor-field-group elementor-column elementor-field-group-message elementor-col-100 elementor-field-required\">\n\t\t\t\t\t\t\t\t\t\t\t\t<label for=\"form-field-message\" class=\"elementor-field-label\">\n\t\t\t\t\t\t\t\tMessage\t\t\t\t\t\t\t<\/label>\n\t\t\t\t\t\t<textarea class=\"elementor-field-textual elementor-field  elementor-size-md\" name=\"form_fields[message]\" id=\"form-field-message\" rows=\"4\" placeholder=\"Your message...\" required=\"required\" aria-required=\"true\"><\/textarea>\t\t\t\t<\/div>\n\t\t\t\t\t\t\t\t<div class=\"elementor-field-type-recaptcha elementor-field-group elementor-column elementor-field-group-field_a902b72 elementor-col-100\">\n\t\t\t\t\t<div class=\"elementor-field\" id=\"form-field-field_a902b72\"><div class=\"elementor-g-recaptcha\" data-sitekey=\"6LdD3-QcAAAAALqSnrYFRY8krj5uBHiWTL9oXor-\" data-type=\"v2_checkbox\" data-theme=\"light\" data-size=\"normal\"><\/div><\/div>\t\t\t\t<\/div>\n\t\t\t\t\t\t\t\t<div class=\"elementor-field-group elementor-column elementor-field-type-submit elementor-col-100 e-form__buttons\">\n\t\t\t\t\t<button type=\"submit\" class=\"elementor-button elementor-size-sm\">\n\t\t\t\t\t\t<span >\n\t\t\t\t\t\t\t\t\t\t\t\t\t\t\t<span class=\"elementor-button-icon\">\n\t\t\t\t\t\t\t\t\t\t\t\t\t\t\t\t\t\t\t\t\t\t\t\t\t\t<\/span>\n\t\t\t\t\t\t\t\t\t\t\t\t\t\t\t\t\t\t\t\t\t\t<span class=\"elementor-button-text\">Send<\/span>\n\t\t\t\t\t\t\t\t\t\t\t\t\t<\/span>\n\t\t\t\t\t<\/button>\n\t\t\t\t<\/div>\n\t\t\t<\/div>\n\t\t<input type=\"hidden\" name=\"trp-form-language\" value=\"en\"\/><\/form>\n\t\t\t\t<\/div>\n\t\t\t\t<\/div>\n\t\t\t\t\t<\/div>\n\t\t<\/div>\n\t\t\t\t\t<\/div>\n\t\t<\/section>\n\t\t\t\t<\/div>","protected":false},"excerpt":{"rendered":"<p>Nous contacter +33(0)6 87 88 85 45 mauret@ackinternational.com LinkedIn Vous souhaitez nous \u00e9crire ? Merci d&#8217;utiliser le formulaire de contact ci-dessous. Une r\u00e9ponse vous sera apport\u00e9e par e-mail dans les meilleurs d\u00e9lais.<\/p>","protected":false},"author":6,"featured_media":0,"parent":0,"menu_order":11,"comment_status":"closed","ping_status":"closed","template":"","meta":{"_acf_changed":false,"footnotes":""},"acf":[],"yoast_head":"<!-- This site is optimized with the Yoast SEO plugin v22.9 - https:\/\/yoast.com\/wordpress\/plugins\/seo\/ -->\n<title>Nous contacter - ACK International<\/title>\n<meta name=\"robots\" content=\"index, follow, max-snippet:-1, max-image-preview:large, max-video-preview:-1\" \/>\n<link rel=\"canonical\" href=\"https:\/\/ackinternational.com\/en\/nous-contacter\/\" \/>\n<meta property=\"og:locale\" content=\"en_GB\" \/>\n<meta property=\"og:type\" content=\"article\" \/>\n<meta property=\"og:title\" content=\"Nous contacter - ACK International\" \/>\n<meta property=\"og:description\" content=\"Nous contacter +33(0)6 87 88 85 45 mauret@ackinternational.com LinkedIn Vous souhaitez nous \u00e9crire ? Merci d&#8217;utiliser le formulaire de contact ci-dessous. Une r\u00e9ponse vous sera apport\u00e9e par e-mail dans les meilleurs d\u00e9lais.\" \/>\n<meta property=\"og:url\" content=\"https:\/\/ackinternational.com\/en\/nous-contacter\/\" \/>\n<meta property=\"og:site_name\" content=\"ACK International\" \/>\n<meta property=\"article:modified_time\" content=\"2021-10-21T09:53:56+00:00\" \/>\n<meta name=\"twitter:card\" content=\"summary_large_image\" \/>\n<meta name=\"twitter:label1\" content=\"Estimated reading time\" \/>\n\t<meta name=\"twitter:data1\" content=\"1 minute\" \/>\n<script type=\"application\/ld+json\" class=\"yoast-schema-graph\">{\"@context\":\"https:\/\/schema.org\",\"@graph\":[{\"@type\":\"WebPage\",\"@id\":\"https:\/\/ackinternational.com\/nous-contacter\/\",\"url\":\"https:\/\/ackinternational.com\/nous-contacter\/\",\"name\":\"Nous contacter - ACK International\",\"isPartOf\":{\"@id\":\"https:\/\/ackinternational.com\/#website\"},\"datePublished\":\"2021-06-25T08:33:36+00:00\",\"dateModified\":\"2021-10-21T09:53:56+00:00\",\"breadcrumb\":{\"@id\":\"https:\/\/ackinternational.com\/nous-contacter\/#breadcrumb\"},\"inLanguage\":\"en-GB\",\"potentialAction\":[{\"@type\":\"ReadAction\",\"target\":[\"https:\/\/ackinternational.com\/nous-contacter\/\"]}]},{\"@type\":\"BreadcrumbList\",\"@id\":\"https:\/\/ackinternational.com\/nous-contacter\/#breadcrumb\",\"itemListElement\":[{\"@type\":\"ListItem\",\"position\":1,\"name\":\"Accueil\",\"item\":\"https:\/\/ackinternational.com\/\"},{\"@type\":\"ListItem\",\"position\":2,\"name\":\"Nous contacter\"}]},{\"@type\":\"WebSite\",\"@id\":\"https:\/\/ackinternational.com\/#website\",\"url\":\"https:\/\/ackinternational.com\/\",\"name\":\"ACK International\",\"description\":\"\",\"publisher\":{\"@id\":\"https:\/\/ackinternational.com\/#organization\"},\"potentialAction\":[{\"@type\":\"SearchAction\",\"target\":{\"@type\":\"EntryPoint\",\"urlTemplate\":\"https:\/\/ackinternational.com\/?s={search_term_string}\"},\"query-input\":\"required name=search_term_string\"}],\"inLanguage\":\"en-GB\"},{\"@type\":\"Organization\",\"@id\":\"https:\/\/ackinternational.com\/#organization\",\"name\":\"ACK International\",\"url\":\"https:\/\/ackinternational.com\/\",\"logo\":{\"@type\":\"ImageObject\",\"inLanguage\":\"en-GB\",\"@id\":\"https:\/\/ackinternational.com\/#\/schema\/logo\/image\/\",\"url\":\"https:\/\/ackinternational.com\/wp-content\/uploads\/2018\/10\/logo_ack_login.png\",\"contentUrl\":\"https:\/\/ackinternational.com\/wp-content\/uploads\/2018\/10\/logo_ack_login.png\",\"width\":167,\"height\":60,\"caption\":\"ACK International\"},\"image\":{\"@id\":\"https:\/\/ackinternational.com\/#\/schema\/logo\/image\/\"},\"sameAs\":[\"https:\/\/www.linkedin.com\/company\/ackinternational\"]}]}<\/script>\n<!-- \/ Yoast SEO plugin. -->","yoast_head_json":{"title":"Nous contacter - ACK International","robots":{"index":"index","follow":"follow","max-snippet":"max-snippet:-1","max-image-preview":"max-image-preview:large","max-video-preview":"max-video-preview:-1"},"canonical":"https:\/\/ackinternational.com\/en\/nous-contacter\/","og_locale":"en_GB","og_type":"article","og_title":"Nous contacter - ACK International","og_description":"Nous contacter +33(0)6 87 88 85 45 mauret@ackinternational.com LinkedIn Vous souhaitez nous \u00e9crire ? Merci d&#8217;utiliser le formulaire de contact ci-dessous. Une r\u00e9ponse vous sera apport\u00e9e par e-mail dans les meilleurs d\u00e9lais.","og_url":"https:\/\/ackinternational.com\/en\/nous-contacter\/","og_site_name":"ACK International","article_modified_time":"2021-10-21T09:53:56+00:00","twitter_card":"summary_large_image","twitter_misc":{"Estimated reading time":"1 minute"},"schema":{"@context":"https:\/\/schema.org","@graph":[{"@type":"WebPage","@id":"https:\/\/ackinternational.com\/nous-contacter\/","url":"https:\/\/ackinternational.com\/nous-contacter\/","name":"Nous contacter - ACK International","isPartOf":{"@id":"https:\/\/ackinternational.com\/#website"},"datePublished":"2021-06-25T08:33:36+00:00","dateModified":"2021-10-21T09:53:56+00:00","breadcrumb":{"@id":"https:\/\/ackinternational.com\/nous-contacter\/#breadcrumb"},"inLanguage":"en-GB","potentialAction":[{"@type":"ReadAction","target":["https:\/\/ackinternational.com\/nous-contacter\/"]}]},{"@type":"BreadcrumbList","@id":"https:\/\/ackinternational.com\/nous-contacter\/#breadcrumb","itemListElement":[{"@type":"ListItem","position":1,"name":"Accueil","item":"https:\/\/ackinternational.com\/"},{"@type":"ListItem","position":2,"name":"Nous contacter"}]},{"@type":"WebSite","@id":"https:\/\/ackinternational.com\/#website","url":"https:\/\/ackinternational.com\/","name":"ACK International","description":"","publisher":{"@id":"https:\/\/ackinternational.com\/#organization"},"potentialAction":[{"@type":"SearchAction","target":{"@type":"EntryPoint","urlTemplate":"https:\/\/ackinternational.com\/?s={search_term_string}"},"query-input":"required name=search_term_string"}],"inLanguage":"en-GB"},{"@type":"Organization","@id":"https:\/\/ackinternational.com\/#organization","name":"ACK International","url":"https:\/\/ackinternational.com\/","logo":{"@type":"ImageObject","inLanguage":"en-GB","@id":"https:\/\/ackinternational.com\/#\/schema\/logo\/image\/","url":"https:\/\/ackinternational.com\/wp-content\/uploads\/2018\/10\/logo_ack_login.png","contentUrl":"https:\/\/ackinternational.com\/wp-content\/uploads\/2018\/10\/logo_ack_login.png","width":167,"height":60,"caption":"ACK International"},"image":{"@id":"https:\/\/ackinternational.com\/#\/schema\/logo\/image\/"},"sameAs":["https:\/\/www.linkedin.com\/company\/ackinternational"]}]}},"_links":{"self":[{"href":"https:\/\/ackinternational.com\/en\/wp-json\/wp\/v2\/pages\/1031"}],"collection":[{"href":"https:\/\/ackinternational.com\/en\/wp-json\/wp\/v2\/pages"}],"about":[{"href":"https:\/\/ackinternational.com\/en\/wp-json\/wp\/v2\/types\/page"}],"author":[{"embeddable":true,"href":"https:\/\/ackinternational.com\/en\/wp-json\/wp\/v2\/users\/6"}],"replies":[{"embeddable":true,"href":"https:\/\/ackinternational.com\/en\/wp-json\/wp\/v2\/comments?post=1031"}],"version-history":[{"count":16,"href":"https:\/\/ackinternational.com\/en\/wp-json\/wp\/v2\/pages\/1031\/revisions"}],"predecessor-version":[{"id":4103,"href":"https:\/\/ackinternational.com\/en\/wp-json\/wp\/v2\/pages\/1031\/revisions\/4103"}],"wp:attachment":[{"href":"https:\/\/ackinternational.com\/en\/wp-json\/wp\/v2\/media?parent=1031"}],"curies":[{"name":"wp","href":"https:\/\/api.w.org\/{rel}","templated":true}]}}