{"id":1034,"date":"2021-06-25T10:35:59","date_gmt":"2021-06-25T08:35:59","guid":{"rendered":"https:\/\/ackinternational.com\/?page_id=1034"},"modified":"2021-06-30T18:26:15","modified_gmt":"2021-06-30T16:26:15","slug":"plan-du-site","status":"publish","type":"page","link":"https:\/\/ackinternational.com\/en\/plan-du-site\/","title":{"rendered":"Site map"},"content":{"rendered":"<div data-elementor-type=\"wp-page\" data-elementor-id=\"1034\" class=\"elementor elementor-1034\" data-elementor-post-type=\"page\">\n\t\t\t\t\t\t<section class=\"elementor-section elementor-top-section elementor-element elementor-element-0520636 elementor-section-boxed elementor-section-height-default elementor-section-height-default\" data-id=\"0520636\" data-element_type=\"section\" data-settings=\"{&quot;background_background&quot;:&quot;classic&quot;}\">\n\t\t\t\t\t\t<div class=\"elementor-container elementor-column-gap-default\">\n\t\t\t\t\t<div class=\"elementor-column elementor-col-100 elementor-top-column elementor-element elementor-element-8140feb\" data-id=\"8140feb\" data-element_type=\"column\">\n\t\t\t<div class=\"elementor-widget-wrap elementor-element-populated\">\n\t\t\t\t\t\t<div class=\"elementor-element elementor-element-1cbd933 elementor-widget elementor-widget-heading\" data-id=\"1cbd933\" data-element_type=\"widget\" data-widget_type=\"heading.default\">\n\t\t\t\t<div class=\"elementor-widget-container\">\n\t\t\t<h1 class=\"elementor-heading-title elementor-size-default\">Site map<\/h1>\t\t<\/div>\n\t\t\t\t<\/div>\n\t\t\t\t<div class=\"elementor-element elementor-element-be72fa4 elementor-widget-divider--view-line_icon elementor-view-default elementor-widget-divider--element-align-center elementor-widget elementor-widget-divider\" data-id=\"be72fa4\" data-element_type=\"widget\" data-widget_type=\"divider.default\">\n\t\t\t\t<div class=\"elementor-widget-container\">\n\t\t\t\t\t<div class=\"elementor-divider\">\n\t\t\t<span class=\"elementor-divider-separator\">\n\t\t\t\t\t\t\t<div class=\"elementor-icon elementor-divider__element\">\n\t\t\t\t\t<i aria-hidden=\"true\" class=\"fas fa-circle\"><\/i><\/div>\n\t\t\t\t\t\t<\/span>\n\t\t<\/div>\n\t\t\t\t<\/div>\n\t\t\t\t<\/div>\n\t\t\t\t<div class=\"elementor-element elementor-element-d40e568 elementor-widget elementor-widget-sitemap\" data-id=\"d40e568\" data-element_type=\"widget\" data-widget_type=\"sitemap.default\">\n\t\t\t\t<div class=\"elementor-widget-container\">\n\t\t\t<div class=\"elementor-sitemap-wrap\"><div class=\"elementor-sitemap-section\"><h2 class=\"elementor-sitemap-title elementor-sitemap-page-title\">Pages<\/h2><ul class=\"elementor-sitemap-list elementor-sitemap-page-list\"><li class=\"elementor-sitemap-item elementor-sitemap-item-page page_item page-item-1004\"><a href=\"https:\/\/ackinternational.com\/en\/\">Home<\/a><\/li><li class=\"elementor-sitemap-item elementor-sitemap-item-page page_item page-item-2219\"><a href=\"https:\/\/ackinternational.com\/en\/a-propos\/\">About ACK<\/a><\/li><li class=\"elementor-sitemap-item elementor-sitemap-item-page page_item page-item-1007\"><a href=\"https:\/\/ackinternational.com\/en\/missions-et-vision\/\">Mission and vision<\/a><\/li><li class=\"elementor-sitemap-item elementor-sitemap-item-page page_item page-item-1010\"><a href=\"https:\/\/ackinternational.com\/en\/lequipe\/\">L&#8217;\u00e9quipe<\/a><\/li><li class=\"elementor-sitemap-item elementor-sitemap-item-page page_item page-item-1016\"><a href=\"https:\/\/ackinternational.com\/en\/nos-partenaires\/\">Our partners<\/a><\/li><li class=\"elementor-sitemap-item elementor-sitemap-item-page page_item page-item-1013\"><a href=\"https:\/\/ackinternational.com\/en\/nos-domaines-dactivites\/\">Nos domaines d&#8217;activit\u00e9s<\/a><\/li><li class=\"elementor-sitemap-item elementor-sitemap-item-page page_item page-item-1019\"><a href=\"https:\/\/ackinternational.com\/en\/nos-clients\/\">Ours clients<\/a><\/li><li class=\"elementor-sitemap-item elementor-sitemap-item-page page_item page-item-1919\"><a href=\"https:\/\/ackinternational.com\/en\/notes-de-partage\/\">Share notes<\/a><\/li><li class=\"elementor-sitemap-item elementor-sitemap-item-page page_item page-item-3459\"><a href=\"https:\/\/ackinternational.com\/en\/references\/\">References<\/a><\/li><li class=\"elementor-sitemap-item elementor-sitemap-item-page page_item page-item-1025 current_page_parent\"><a href=\"https:\/\/ackinternational.com\/en\/actualites\/\">News<\/a><\/li><li class=\"elementor-sitemap-item elementor-sitemap-item-page page_item page-item-1028\"><a href=\"https:\/\/ackinternational.com\/en\/recrutement\/\">Vacancies<\/a><\/li><li class=\"elementor-sitemap-item elementor-sitemap-item-page page_item page-item-1031\"><a href=\"https:\/\/ackinternational.com\/en\/nous-contacter\/\">Contact us<\/a><\/li><li class=\"elementor-sitemap-item elementor-sitemap-item-page page_item page-item-1034\"><a href=\"https:\/\/ackinternational.com\/en\/plan-du-site\/\">Site map<\/a><\/li><li class=\"elementor-sitemap-item elementor-sitemap-item-page page_item page-item-1037\"><a href=\"https:\/\/ackinternational.com\/en\/mentions-legales\/\">Legal notice<\/a><\/li><li class=\"elementor-sitemap-item elementor-sitemap-item-page page_item page-item-1040\"><a href=\"https:\/\/ackinternational.com\/en\/politique-de-confidentialite\/\">Privacy policy<\/a><\/li><li class=\"elementor-sitemap-item elementor-sitemap-item-page page_item page-item-1043\"><a href=\"https:\/\/ackinternational.com\/en\/cgu\/\">Terms and conditions<\/a><\/li><\/ul><\/div><div class=\"elementor-sitemap-section\"><h2 class=\"elementor-sitemap-title elementor-sitemap-post-title\">News<\/h2><ul class=\"elementor-sitemap-list elementor-sitemap-post-list\"><li class=\"elementor-sitemap-item elementor-sitemap-item-post page_item page-item-4944\"><a href=\"https:\/\/ackinternational.com\/en\/evaluation-du-programme-resilience-wwf-france-afd\/\">Multipays &#8211; \u00c9valuation du programme \u201cR\u00e9silience\u201d \u2013 WWF France \/ AFD<\/a><\/li><li class=\"elementor-sitemap-item elementor-sitemap-item-post page_item page-item-4935\"><a href=\"https:\/\/ackinternational.com\/en\/mali-2%f0%9d%90%9e%f0%9d%90%a6%f0%9d%90%9e-%f0%9d%90%ac%f0%9d%90%9e%f0%9d%90%ac%f0%9d%90%ac%f0%9d%90%a2%f0%9d%90%a8%f0%9d%90%a7-%f0%9d%90%9d%f0%9d%90%ae-%f0%9d%90%9c%f0%9d%90%a8%f0%9d%90%a6\/\">Mali &#8211; 2\u00e8me session du comit\u00e9 consultatif du FACEJ II<\/a><\/li><li class=\"elementor-sitemap-item elementor-sitemap-item-post page_item page-item-4941\"><a href=\"https:\/\/ackinternational.com\/en\/burundi-mission-dappui-a-la-formulation-dun-programme-sur-leducation-la-sante-et-le-bien-etre-des-jeunes-filles\/\">Burundi &#8211; Mission d&#8217;appui \u00e0 la formulation d&#8217;un programme sur l&#8217;\u00e9ducation, la sant\u00e9 et le bien-\u00eatre des jeunes filles<\/a><\/li><li class=\"elementor-sitemap-item elementor-sitemap-item-post page_item page-item-4880\"><a href=\"https:\/\/ackinternational.com\/en\/seminaire-ack-international-un-moment-cle-pour-notre-avenir\/\">S\u00e9minaire ACK International \u2013 un moment cl\u00e9 pour notre avenir<\/a><\/li><li class=\"elementor-sitemap-item elementor-sitemap-item-post page_item page-item-4948\"><a href=\"https:\/\/ackinternational.com\/en\/tchad-lancement-du-programme-dentrepreneuriat-agroalimentaire\/\">Tchad &#8211; Lancement du Programme d\u2019Entrepreneuriat Agroalimentaire<\/a><\/li><li class=\"elementor-sitemap-item elementor-sitemap-item-post page_item page-item-4951\"><a href=\"https:\/\/ackinternational.com\/en\/programme-apprendre-capitaliser-et-valoriser-les-resultats-des-projets-de-recherche-en-education\/\">Programme Apprendre &#8211; Capitaliser et valoriser les r\u00e9sultats des projets de recherche en \u00e9ducation<\/a><\/li><li class=\"elementor-sitemap-item elementor-sitemap-item-post page_item page-item-4815\"><a href=\"https:\/\/ackinternational.com\/en\/un-seminaire-place-sous-le-signe-de-la-rencontre-et-de-louverture\/\">Un s\u00e9minaire plac\u00e9 sous le signe de la rencontre et de l\u2019ouverture<\/a><\/li><li class=\"elementor-sitemap-item elementor-sitemap-item-post page_item page-item-4768\"><a href=\"https:\/\/ackinternational.com\/en\/paola-pommier-une-nouvelle-recrue-rejoint-ack\/\">Paola Pommier, une nouvelle recrue rejoint ACK !<\/a><\/li><li class=\"elementor-sitemap-item elementor-sitemap-item-post page_item page-item-4737\"><a href=\"https:\/\/ackinternational.com\/en\/bienvenue-a-aude-mathieu-dans-lequipe-dack\/\">Bienvenue \u00e0 Aude Mathieu dans l&#8217;\u00e9quipe !<\/a><\/li><li class=\"elementor-sitemap-item elementor-sitemap-item-post page_item page-item-4682\"><a href=\"https:\/\/ackinternational.com\/en\/retour-sur-notre-seminaire-ack-a-toulouse\/\">Retour sur notre s\u00e9minaire de fin d&#8217;ann\u00e9e \u00e0 Toulouse<\/a><\/li><li class=\"elementor-sitemap-item elementor-sitemap-item-post page_item page-item-4666\"><a href=\"https:\/\/ackinternational.com\/en\/apres-3-ans-de-mise-en-oeuvre-du-projet-samim-place-a-levaluation\/\">Apr\u00e8s 3 ans de mise en \u0153uvre du projet Samim, place \u00e0 l\u2019\u00e9valuation<\/a><\/li><li class=\"elementor-sitemap-item elementor-sitemap-item-post page_item page-item-4648\"><a href=\"https:\/\/ackinternational.com\/en\/xavier-besga-de-retour-chez-ack-international\/\">Xavier Besga, de retour chez ACK International<\/a><\/li><li class=\"elementor-sitemap-item elementor-sitemap-item-post page_item page-item-4578\"><a href=\"https:\/\/ackinternational.com\/en\/projet-efor-diagnostic-opa-feminines-tunisie\/\">Projet EFOR : ACK pr\u00e9sente les conclusions du diagnostic des OPA f\u00e9minines tunisiennes<\/a><\/li><li class=\"elementor-sitemap-item elementor-sitemap-item-post page_item page-item-4556\"><a href=\"https:\/\/ackinternational.com\/en\/dynoba-guinee-fouta-djalon\/\">Guin\u00e9e : ACK International en mission au Fouta-Djalon dans le cadre du projet Dynoba<\/a><\/li><li class=\"elementor-sitemap-item elementor-sitemap-item-post page_item page-item-4548\"><a href=\"https:\/\/ackinternational.com\/en\/ack-recrute-pour-un-projet-en-mediterranee\/\">ACK recrute pour un projet en M\u00e9diterran\u00e9e<\/a><\/li><li class=\"elementor-sitemap-item elementor-sitemap-item-post page_item page-item-4503\"><a href=\"https:\/\/ackinternational.com\/en\/le-consortium-proman-ack-international-prend-les-renes-du-fonds-facej-2-pour-booster-lentrepreneuriat-des-jeunes-au-mali\/\">Le consortium PROMAN &#8211; ACK International prend les r\u00eanes du Fonds FACEJ 2 pour booster l&#8217;entrepreneuriat des jeunes au Mali !<\/a><\/li><li class=\"elementor-sitemap-item elementor-sitemap-item-post page_item page-item-4492\"><a href=\"https:\/\/ackinternational.com\/en\/une-nouvelle-experte-environnement-changements-climatiques-chez-ack-international\/\">Une nouvelle experte environnement &amp; changements climatiques chez ACK International<\/a><\/li><li class=\"elementor-sitemap-item elementor-sitemap-item-post page_item page-item-4417\"><a href=\"https:\/\/ackinternational.com\/en\/lequipe-dack-international-sagrandit-en-2023\/\">L&#8217;\u00e9quipe d&#8217;ACK International s&#8217;agrandit en 2023<\/a><\/li><li class=\"elementor-sitemap-item elementor-sitemap-item-post page_item page-item-4397\"><a href=\"https:\/\/ackinternational.com\/en\/ack-recrute-un-experte-climat-environnement-gestion-des-ressources-naturelles\/\">ACK recrute un Expert(e) Climat, Environnement, Gestion des Ressources Naturelles<\/a><\/li><li class=\"elementor-sitemap-item elementor-sitemap-item-post page_item page-item-4380\"><a href=\"https:\/\/ackinternational.com\/en\/programme-trace-ack-oeuvre-en-faveur-de-lentrepreneuriat-et-de-lemploi-rural-aupres-des-jeunes-et-des-femmes-en-tunise\/\">Programme TRACE &#8211; ACK oeuvre en faveur de l&#8217;entrepreneuriat et de l&#8217;emploi rural aupr\u00e8s des jeunes et des femmes en Tunise<\/a><\/li><li class=\"elementor-sitemap-item elementor-sitemap-item-post page_item page-item-4262\"><a href=\"https:\/\/ackinternational.com\/en\/apres-1-an-chez-ack-flore-nous-quitte-pour-reprendre-ses-etudes\/\">Apr\u00e8s une exp\u00e9rience enrichissante d&#8217;1 an, Flore quitte ACK pour poursuivre ses \u00e9tudes<\/a><\/li><li class=\"elementor-sitemap-item elementor-sitemap-item-post page_item page-item-4266\"><a href=\"https:\/\/ackinternational.com\/en\/lequipe-dack-se-retrouve-pour-un-seminaire\/\">L&#8217;\u00e9quipe d&#8217;ACK en s\u00e9minaire dans le Gard<\/a><\/li><li class=\"elementor-sitemap-item elementor-sitemap-item-post page_item page-item-4203\"><a href=\"https:\/\/ackinternational.com\/en\/ack-a-accompagne-cowi-a-s-dans-la-mise-en-oeuvre-de-la-strategie-de-communication-du-crs-sanad-au-niger\/\">ACK a accompagn\u00e9 COWI A\/S dans la mise en \u0153uvre de la strat\u00e9gie de communication du CRS-SANAD au Niger<\/a><\/li><li class=\"elementor-sitemap-item elementor-sitemap-item-post page_item page-item-4177\"><a href=\"https:\/\/ackinternational.com\/en\/chantier-filieres-pour-les-sagi-des-nouvelles-du-terrain\/\">Chantier \u00ab fili\u00e8res \u00bb pour les SAGI : des nouvelles du terrain !<\/a><\/li><li class=\"elementor-sitemap-item elementor-sitemap-item-post page_item page-item-4153\"><a href=\"https:\/\/ackinternational.com\/en\/ack-international-et-hdc-ont-mene-a-bien-leur-mission-daccompagnement-de-cap-business-ocean-indien\/\">ACK International et HDC aux c\u00f4t\u00e9s de Cap Business Oc\u00e9an Indien dans l&#8217;\u00e9laboration de sa nouvelle feuille de route<\/a><\/li><li class=\"elementor-sitemap-item elementor-sitemap-item-post page_item page-item-4146\"><a href=\"https:\/\/ackinternational.com\/en\/ack-international-et-hydroconseil-accompagnent-luxdev-dans-la-formulation-du-pic-iv-niger\/\">ACK International et Hydroconseil accompagnent LuxDev dans la Formulation du PIC IV Niger<\/a><\/li><li class=\"elementor-sitemap-item elementor-sitemap-item-post page_item page-item-3881\"><a href=\"https:\/\/ackinternational.com\/en\/bienvenue-a-marta-morin-kasprzyk\/\">Bienvenue \u00e0 Marta Morin-Kasprzyk !<\/a><\/li><li class=\"elementor-sitemap-item elementor-sitemap-item-post page_item page-item-3842\"><a href=\"https:\/\/ackinternational.com\/en\/ack-international-accompagne-la-cooperation-danoise-dans-sa-reflexion-pour-une-nouvelle-strategie-au-mali\/\">ACK International accompagne la coop\u00e9ration danoise dans sa r\u00e9flexion pour une nouvelle strat\u00e9gie au Mali<\/a><\/li><li class=\"elementor-sitemap-item elementor-sitemap-item-post page_item page-item-3754\"><a href=\"https:\/\/ackinternational.com\/en\/ack-accueille-flore-chaumont-en-stage\/\">ACK accueille Flore Chaumont en stage<\/a><\/li><li class=\"elementor-sitemap-item elementor-sitemap-item-post page_item page-item-971\"><a href=\"https:\/\/ackinternational.com\/en\/taha-labbaci-rejoint-ack-international\/\">Taha Labbaci rejoint ACK International<\/a><\/li><li class=\"elementor-sitemap-item elementor-sitemap-item-post page_item page-item-923\"><a href=\"https:\/\/ackinternational.com\/en\/republique-de-guinee-un-guide-des-incubateurs-realise-avec-le-soutien-dack\/\">R\u00e9publique de Guin\u00e9e &#8211; Un \u00ab Guide des incubateurs \u00bb r\u00e9alis\u00e9 avec le soutien d\u2019ACK<\/a><\/li><li class=\"elementor-sitemap-item elementor-sitemap-item-post page_item page-item-905\"><a href=\"https:\/\/ackinternational.com\/en\/ack-international-en-soutien-aux-societes-damenagement-et-de-gestion-de-lirrigation-sagi-en-afrique-de-louest-pour-la-preparation-de-leur-strategie-de-repositionnement-sur\/\">ACK International en soutien aux SAGI en Afrique de l\u2019Ouest pour la pr\u00e9paration de leur strat\u00e9gie de repositionnement sur le d\u00e9veloppement des fili\u00e8res agricoles<\/a><\/li><li class=\"elementor-sitemap-item elementor-sitemap-item-post page_item page-item-870\"><a href=\"https:\/\/ackinternational.com\/en\/depart-de-xavier-besga\/\">D\u00e9part de Xavier Besga<\/a><\/li><li class=\"elementor-sitemap-item elementor-sitemap-item-post page_item page-item-811\"><a href=\"https:\/\/ackinternational.com\/en\/lequipe-ack-international-toujours-mobilisee-en-teletravail-pendant-la-crise-covid-19\/\">L&#8217;\u00e9quipe ACK International toujours mobilis\u00e9e en t\u00e9l\u00e9travail pendant la crise Covid-19<\/a><\/li><li class=\"elementor-sitemap-item elementor-sitemap-item-post page_item page-item-663\"><a href=\"https:\/\/ackinternational.com\/en\/rafika-la-fromagere\/\">Rafika la fromag\u00e8re et sa success-story<\/a><\/li><li class=\"elementor-sitemap-item elementor-sitemap-item-post page_item page-item-555\"><a href=\"https:\/\/ackinternational.com\/en\/teletravail-en-lot-et-garonne\/\">T\u00e9moignage sur le t\u00e9l\u00e9travail &#8211; en Lot et Garonne<\/a><\/li><li class=\"elementor-sitemap-item elementor-sitemap-item-post page_item page-item-469\"><a href=\"https:\/\/ackinternational.com\/en\/developpement-chaines-de-valeurs\/\">Accompagnement du d\u00e9veloppement des cha\u00eenes de valeurs<\/a><\/li><li class=\"elementor-sitemap-item elementor-sitemap-item-post page_item page-item-439\"><a href=\"https:\/\/ackinternational.com\/en\/teletravail-a-la-maison\/\">T\u00e9moignage sur le t\u00e9l\u00e9travail &#8211; au S\u00e9n\u00e9gal<\/a><\/li><li class=\"elementor-sitemap-item elementor-sitemap-item-post page_item page-item-120\"><a href=\"https:\/\/ackinternational.com\/en\/teletravailler\/\">Le t\u00e9l\u00e9travail une aventure ou un enfer ?<\/a><\/li><\/ul><\/div><div class=\"elementor-sitemap-section\"><h2 class=\"elementor-sitemap-title elementor-sitemap-poste-title\">Offres d'emploi<\/h2><ul class=\"elementor-sitemap-list elementor-sitemap-poste-list\"><li class=\"elementor-sitemap-item elementor-sitemap-item-poste page_item page-item-4934\"><a href=\"https:\/\/ackinternational.com\/en\/recrutement\/expert-e-genre-et-savoir-locaux\/\">\u00a0Expert.e genre et savoir locaux (R\u00e9publique du Congo)<\/a><\/li><\/ul><\/div><\/div>\t\t<\/div>\n\t\t\t\t<\/div>\n\t\t\t\t\t<\/div>\n\t\t<\/div>\n\t\t\t\t\t<\/div>\n\t\t<\/section>\n\t\t\t\t<\/div>","protected":false},"excerpt":{"rendered":"<p>Site map<\/p>","protected":false},"author":6,"featured_media":0,"parent":0,"menu_order":12,"comment_status":"closed","ping_status":"closed","template":"","meta":{"_acf_changed":false,"footnotes":""},"acf":[],"yoast_head":"<!-- This site is optimized with the Yoast SEO plugin v22.9 - https:\/\/yoast.com\/wordpress\/plugins\/seo\/ -->\n<title>Plan du site - ACK International<\/title>\n<meta name=\"robots\" content=\"index, follow, max-snippet:-1, max-image-preview:large, max-video-preview:-1\" \/>\n<link rel=\"canonical\" href=\"https:\/\/ackinternational.com\/en\/plan-du-site\/\" \/>\n<meta property=\"og:locale\" content=\"en_GB\" \/>\n<meta property=\"og:type\" content=\"article\" \/>\n<meta property=\"og:title\" content=\"Plan du site - ACK International\" \/>\n<meta property=\"og:description\" content=\"Plan du site\" \/>\n<meta property=\"og:url\" content=\"https:\/\/ackinternational.com\/en\/plan-du-site\/\" \/>\n<meta property=\"og:site_name\" content=\"ACK International\" \/>\n<meta property=\"article:modified_time\" content=\"2021-06-30T16:26:15+00:00\" \/>\n<meta name=\"twitter:card\" content=\"summary_large_image\" \/>\n<meta name=\"twitter:label1\" content=\"Estimated reading time\" \/>\n\t<meta name=\"twitter:data1\" content=\"1 minute\" \/>\n<script type=\"application\/ld+json\" class=\"yoast-schema-graph\">{\"@context\":\"https:\/\/schema.org\",\"@graph\":[{\"@type\":\"WebPage\",\"@id\":\"https:\/\/ackinternational.com\/plan-du-site\/\",\"url\":\"https:\/\/ackinternational.com\/plan-du-site\/\",\"name\":\"Plan du site - ACK International\",\"isPartOf\":{\"@id\":\"https:\/\/ackinternational.com\/#website\"},\"datePublished\":\"2021-06-25T08:35:59+00:00\",\"dateModified\":\"2021-06-30T16:26:15+00:00\",\"breadcrumb\":{\"@id\":\"https:\/\/ackinternational.com\/plan-du-site\/#breadcrumb\"},\"inLanguage\":\"en-GB\",\"potentialAction\":[{\"@type\":\"ReadAction\",\"target\":[\"https:\/\/ackinternational.com\/plan-du-site\/\"]}]},{\"@type\":\"BreadcrumbList\",\"@id\":\"https:\/\/ackinternational.com\/plan-du-site\/#breadcrumb\",\"itemListElement\":[{\"@type\":\"ListItem\",\"position\":1,\"name\":\"Accueil\",\"item\":\"https:\/\/ackinternational.com\/\"},{\"@type\":\"ListItem\",\"position\":2,\"name\":\"Plan du site\"}]},{\"@type\":\"WebSite\",\"@id\":\"https:\/\/ackinternational.com\/#website\",\"url\":\"https:\/\/ackinternational.com\/\",\"name\":\"ACK International\",\"description\":\"\",\"publisher\":{\"@id\":\"https:\/\/ackinternational.com\/#organization\"},\"potentialAction\":[{\"@type\":\"SearchAction\",\"target\":{\"@type\":\"EntryPoint\",\"urlTemplate\":\"https:\/\/ackinternational.com\/?s={search_term_string}\"},\"query-input\":\"required name=search_term_string\"}],\"inLanguage\":\"en-GB\"},{\"@type\":\"Organization\",\"@id\":\"https:\/\/ackinternational.com\/#organization\",\"name\":\"ACK International\",\"url\":\"https:\/\/ackinternational.com\/\",\"logo\":{\"@type\":\"ImageObject\",\"inLanguage\":\"en-GB\",\"@id\":\"https:\/\/ackinternational.com\/#\/schema\/logo\/image\/\",\"url\":\"https:\/\/ackinternational.com\/wp-content\/uploads\/2018\/10\/logo_ack_login.png\",\"contentUrl\":\"https:\/\/ackinternational.com\/wp-content\/uploads\/2018\/10\/logo_ack_login.png\",\"width\":167,\"height\":60,\"caption\":\"ACK International\"},\"image\":{\"@id\":\"https:\/\/ackinternational.com\/#\/schema\/logo\/image\/\"},\"sameAs\":[\"https:\/\/www.linkedin.com\/company\/ackinternational\"]}]}<\/script>\n<!-- \/ Yoast SEO plugin. -->","yoast_head_json":{"title":"Plan du site - ACK International","robots":{"index":"index","follow":"follow","max-snippet":"max-snippet:-1","max-image-preview":"max-image-preview:large","max-video-preview":"max-video-preview:-1"},"canonical":"https:\/\/ackinternational.com\/en\/plan-du-site\/","og_locale":"en_GB","og_type":"article","og_title":"Plan du site - ACK International","og_description":"Plan du site","og_url":"https:\/\/ackinternational.com\/en\/plan-du-site\/","og_site_name":"ACK International","article_modified_time":"2021-06-30T16:26:15+00:00","twitter_card":"summary_large_image","twitter_misc":{"Estimated reading time":"1 minute"},"schema":{"@context":"https:\/\/schema.org","@graph":[{"@type":"WebPage","@id":"https:\/\/ackinternational.com\/plan-du-site\/","url":"https:\/\/ackinternational.com\/plan-du-site\/","name":"Plan du site - ACK International","isPartOf":{"@id":"https:\/\/ackinternational.com\/#website"},"datePublished":"2021-06-25T08:35:59+00:00","dateModified":"2021-06-30T16:26:15+00:00","breadcrumb":{"@id":"https:\/\/ackinternational.com\/plan-du-site\/#breadcrumb"},"inLanguage":"en-GB","potentialAction":[{"@type":"ReadAction","target":["https:\/\/ackinternational.com\/plan-du-site\/"]}]},{"@type":"BreadcrumbList","@id":"https:\/\/ackinternational.com\/plan-du-site\/#breadcrumb","itemListElement":[{"@type":"ListItem","position":1,"name":"Accueil","item":"https:\/\/ackinternational.com\/"},{"@type":"ListItem","position":2,"name":"Plan du site"}]},{"@type":"WebSite","@id":"https:\/\/ackinternational.com\/#website","url":"https:\/\/ackinternational.com\/","name":"ACK International","description":"","publisher":{"@id":"https:\/\/ackinternational.com\/#organization"},"potentialAction":[{"@type":"SearchAction","target":{"@type":"EntryPoint","urlTemplate":"https:\/\/ackinternational.com\/?s={search_term_string}"},"query-input":"required name=search_term_string"}],"inLanguage":"en-GB"},{"@type":"Organization","@id":"https:\/\/ackinternational.com\/#organization","name":"ACK International","url":"https:\/\/ackinternational.com\/","logo":{"@type":"ImageObject","inLanguage":"en-GB","@id":"https:\/\/ackinternational.com\/#\/schema\/logo\/image\/","url":"https:\/\/ackinternational.com\/wp-content\/uploads\/2018\/10\/logo_ack_login.png","contentUrl":"https:\/\/ackinternational.com\/wp-content\/uploads\/2018\/10\/logo_ack_login.png","width":167,"height":60,"caption":"ACK International"},"image":{"@id":"https:\/\/ackinternational.com\/#\/schema\/logo\/image\/"},"sameAs":["https:\/\/www.linkedin.com\/company\/ackinternational"]}]}},"_links":{"self":[{"href":"https:\/\/ackinternational.com\/en\/wp-json\/wp\/v2\/pages\/1034"}],"collection":[{"href":"https:\/\/ackinternational.com\/en\/wp-json\/wp\/v2\/pages"}],"about":[{"href":"https:\/\/ackinternational.com\/en\/wp-json\/wp\/v2\/types\/page"}],"author":[{"embeddable":true,"href":"https:\/\/ackinternational.com\/en\/wp-json\/wp\/v2\/users\/6"}],"replies":[{"embeddable":true,"href":"https:\/\/ackinternational.com\/en\/wp-json\/wp\/v2\/comments?post=1034"}],"version-history":[{"count":8,"href":"https:\/\/ackinternational.com\/en\/wp-json\/wp\/v2\/pages\/1034\/revisions"}],"predecessor-version":[{"id":3935,"href":"https:\/\/ackinternational.com\/en\/wp-json\/wp\/v2\/pages\/1034\/revisions\/3935"}],"wp:attachment":[{"href":"https:\/\/ackinternational.com\/en\/wp-json\/wp\/v2\/media?parent=1034"}],"curies":[{"name":"wp","href":"https:\/\/api.w.org\/{rel}","templated":true}]}}