{"id":1037,"date":"2021-06-25T10:36:16","date_gmt":"2021-06-25T08:36:16","guid":{"rendered":"https:\/\/ackinternational.com\/?page_id=1037"},"modified":"2022-12-15T10:46:26","modified_gmt":"2022-12-15T09:46:26","slug":"mentions-legales","status":"publish","type":"page","link":"https:\/\/ackinternational.com\/en\/mentions-legales\/","title":{"rendered":"Legal notice"},"content":{"rendered":"<div data-elementor-type=\"wp-page\" data-elementor-id=\"1037\" class=\"elementor elementor-1037\" data-elementor-post-type=\"page\">\n\t\t\t\t\t\t<section class=\"elementor-section elementor-top-section elementor-element elementor-element-e46a96d elementor-section-boxed elementor-section-height-default elementor-section-height-default\" data-id=\"e46a96d\" data-element_type=\"section\" data-settings=\"{&quot;background_background&quot;:&quot;classic&quot;}\">\n\t\t\t\t\t\t<div class=\"elementor-container elementor-column-gap-default\">\n\t\t\t\t\t<div class=\"elementor-column elementor-col-100 elementor-top-column elementor-element elementor-element-b676b4d\" data-id=\"b676b4d\" data-element_type=\"column\">\n\t\t\t<div class=\"elementor-widget-wrap elementor-element-populated\">\n\t\t\t\t\t\t<div class=\"elementor-element elementor-element-9cd94d9 elementor-widget elementor-widget-heading\" data-id=\"9cd94d9\" data-element_type=\"widget\" data-widget_type=\"heading.default\">\n\t\t\t\t<div class=\"elementor-widget-container\">\n\t\t\t<h1 class=\"elementor-heading-title elementor-size-default\">Legal notice<\/h1>\t\t<\/div>\n\t\t\t\t<\/div>\n\t\t\t\t<div class=\"elementor-element elementor-element-ae1ff10 elementor-widget-divider--view-line_icon elementor-view-default elementor-widget-divider--element-align-center elementor-widget elementor-widget-divider\" data-id=\"ae1ff10\" data-element_type=\"widget\" data-widget_type=\"divider.default\">\n\t\t\t\t<div class=\"elementor-widget-container\">\n\t\t\t\t\t<div class=\"elementor-divider\">\n\t\t\t<span class=\"elementor-divider-separator\">\n\t\t\t\t\t\t\t<div class=\"elementor-icon elementor-divider__element\">\n\t\t\t\t\t<i aria-hidden=\"true\" class=\"fas fa-circle\"><\/i><\/div>\n\t\t\t\t\t\t<\/span>\n\t\t<\/div>\n\t\t\t\t<\/div>\n\t\t\t\t<\/div>\n\t\t\t\t<div class=\"elementor-element elementor-element-896d777 elementor-widget elementor-widget-text-editor\" data-id=\"896d777\" data-element_type=\"widget\" data-widget_type=\"text-editor.default\">\n\t\t\t\t<div class=\"elementor-widget-container\">\n\t\t\t\t\t\t\t<p><strong>Propri\u00e9taire du site<\/strong> : Claude MAURET \u2013 Pr\u00e9sident Directeur G\u00e9n\u00e9ral de ACK International \u2013 SASU au capital de 5 000,00 \u20ac \u2013 Lieu dit Martissan 82110 Cazes-Mondenard, France<\/p><p><strong>TVA Intracom<\/strong> : FR30815177530<\/p><p><strong>Num\u00e9ro SIRET<\/strong> : 81517753000012<\/p><p><strong>Cr\u00e9ateur<\/strong> <strong>du site<\/strong> : Valentin MIONNET &#8211; contact@valentin-mionnet.com<\/p><p><strong>Responsable publication<\/strong> : Claude MAURET \u2013 mauret@ackinternational.com &#8211; +33 (0)6 87 88 85 45<\/p><p><strong>H\u00e9bergeur<\/strong>\u00a0: Infomaniak \u2013 Rue Eug\u00e8ne-Marziano 25, 1227 Gen\u00e8ve, Suisse<\/p><p><strong>Cr\u00e9dits photo<\/strong> : \u00a9 ACK International, \u00a9 AFD, \u00a9 AICS, \u00a9 APDRA RECAFIP 2, \u00a9 Association La Voute Nubienne, \u00a9 CIDSE &#8211; Javier M\u00e1rmol, \u00a9 CIFOR &#8211; Ollivier Girard, \u00a9 DDC Tchad, \u00a9 FAO &#8211; Giulio Napolitano, \u00a9 FERT, \u00a9 Fert, \u00a9 Flickr &#8211; Citizen 59, \u00a9 Flickr &#8211; Mark Fischer, \u00a9 Flickr &#8211; SuSanA Secretariat, \u00a9 Flickr &#8211; UN Photo &#8211; Marco Dormino, \u00a9 GERES, \u00a9 HACP, \u00a9 LuxDev \u2013 AGREF, \u00a9 Migrations &amp; D\u00e9veloppement, \u00a9 Minist\u00e8re fran\u00e7ais de l&#8217;agriculture, \u00a9 OCDE, \u00a9 Union europ\u00e9enne 2021 &#8211; Olympia de Maismont<\/p>\t\t\t\t\t\t<\/div>\n\t\t\t\t<\/div>\n\t\t\t\t\t<\/div>\n\t\t<\/div>\n\t\t\t\t\t<\/div>\n\t\t<\/section>\n\t\t\t\t<\/div>","protected":false},"excerpt":{"rendered":"<p>Mentions l\u00e9gales Propri\u00e9taire du site : Claude MAURET \u2013 Pr\u00e9sident Directeur G\u00e9n\u00e9ral de ACK International \u2013 SASU au capital de 5 000,00 \u20ac \u2013 Lieu dit Martissan 82110 Cazes-Mondenard, France TVA Intracom : FR30815177530 Num\u00e9ro SIRET : 81517753000012 Cr\u00e9ateur du site : Valentin MIONNET &#8211; contact@valentin-mionnet.com Responsable publication : Claude MAURET \u2013 mauret@ackinternational.com &#8211; +33 [&hellip;]<\/p>","protected":false},"author":6,"featured_media":0,"parent":0,"menu_order":13,"comment_status":"closed","ping_status":"closed","template":"","meta":{"_acf_changed":false,"footnotes":""},"acf":[],"yoast_head":"<!-- This site is optimized with the Yoast SEO plugin v22.9 - https:\/\/yoast.com\/wordpress\/plugins\/seo\/ -->\n<title>Mentions l\u00e9gales - ACK International<\/title>\n<meta name=\"robots\" content=\"index, follow, max-snippet:-1, max-image-preview:large, max-video-preview:-1\" \/>\n<link rel=\"canonical\" href=\"https:\/\/ackinternational.com\/en\/mentions-legales\/\" \/>\n<meta property=\"og:locale\" content=\"en_GB\" \/>\n<meta property=\"og:type\" content=\"article\" \/>\n<meta property=\"og:title\" content=\"Mentions l\u00e9gales - ACK International\" \/>\n<meta property=\"og:description\" content=\"Mentions l\u00e9gales Propri\u00e9taire du site : Claude MAURET \u2013 Pr\u00e9sident Directeur G\u00e9n\u00e9ral de ACK International \u2013 SASU au capital de 5 000,00 \u20ac \u2013 Lieu dit Martissan 82110 Cazes-Mondenard, France TVA Intracom : FR30815177530 Num\u00e9ro SIRET : 81517753000012 Cr\u00e9ateur du site : Valentin MIONNET &#8211; contact@valentin-mionnet.com Responsable publication : Claude MAURET \u2013 mauret@ackinternational.com &#8211; +33 [&hellip;]\" \/>\n<meta property=\"og:url\" content=\"https:\/\/ackinternational.com\/en\/mentions-legales\/\" \/>\n<meta property=\"og:site_name\" content=\"ACK International\" \/>\n<meta property=\"article:modified_time\" content=\"2022-12-15T09:46:26+00:00\" \/>\n<meta name=\"twitter:card\" content=\"summary_large_image\" \/>\n<meta name=\"twitter:label1\" content=\"Estimated reading time\" \/>\n\t<meta name=\"twitter:data1\" content=\"1 minute\" \/>\n<script type=\"application\/ld+json\" class=\"yoast-schema-graph\">{\"@context\":\"https:\/\/schema.org\",\"@graph\":[{\"@type\":\"WebPage\",\"@id\":\"https:\/\/ackinternational.com\/mentions-legales\/\",\"url\":\"https:\/\/ackinternational.com\/mentions-legales\/\",\"name\":\"Mentions l\u00e9gales - ACK International\",\"isPartOf\":{\"@id\":\"https:\/\/ackinternational.com\/#website\"},\"datePublished\":\"2021-06-25T08:36:16+00:00\",\"dateModified\":\"2022-12-15T09:46:26+00:00\",\"breadcrumb\":{\"@id\":\"https:\/\/ackinternational.com\/mentions-legales\/#breadcrumb\"},\"inLanguage\":\"en-GB\",\"potentialAction\":[{\"@type\":\"ReadAction\",\"target\":[\"https:\/\/ackinternational.com\/mentions-legales\/\"]}]},{\"@type\":\"BreadcrumbList\",\"@id\":\"https:\/\/ackinternational.com\/mentions-legales\/#breadcrumb\",\"itemListElement\":[{\"@type\":\"ListItem\",\"position\":1,\"name\":\"Accueil\",\"item\":\"https:\/\/ackinternational.com\/\"},{\"@type\":\"ListItem\",\"position\":2,\"name\":\"Mentions l\u00e9gales\"}]},{\"@type\":\"WebSite\",\"@id\":\"https:\/\/ackinternational.com\/#website\",\"url\":\"https:\/\/ackinternational.com\/\",\"name\":\"ACK International\",\"description\":\"\",\"publisher\":{\"@id\":\"https:\/\/ackinternational.com\/#organization\"},\"potentialAction\":[{\"@type\":\"SearchAction\",\"target\":{\"@type\":\"EntryPoint\",\"urlTemplate\":\"https:\/\/ackinternational.com\/?s={search_term_string}\"},\"query-input\":\"required name=search_term_string\"}],\"inLanguage\":\"en-GB\"},{\"@type\":\"Organization\",\"@id\":\"https:\/\/ackinternational.com\/#organization\",\"name\":\"ACK International\",\"url\":\"https:\/\/ackinternational.com\/\",\"logo\":{\"@type\":\"ImageObject\",\"inLanguage\":\"en-GB\",\"@id\":\"https:\/\/ackinternational.com\/#\/schema\/logo\/image\/\",\"url\":\"https:\/\/ackinternational.com\/wp-content\/uploads\/2018\/10\/logo_ack_login.png\",\"contentUrl\":\"https:\/\/ackinternational.com\/wp-content\/uploads\/2018\/10\/logo_ack_login.png\",\"width\":167,\"height\":60,\"caption\":\"ACK International\"},\"image\":{\"@id\":\"https:\/\/ackinternational.com\/#\/schema\/logo\/image\/\"},\"sameAs\":[\"https:\/\/www.linkedin.com\/company\/ackinternational\"]}]}<\/script>\n<!-- \/ Yoast SEO plugin. -->","yoast_head_json":{"title":"Mentions l\u00e9gales - ACK International","robots":{"index":"index","follow":"follow","max-snippet":"max-snippet:-1","max-image-preview":"max-image-preview:large","max-video-preview":"max-video-preview:-1"},"canonical":"https:\/\/ackinternational.com\/en\/mentions-legales\/","og_locale":"en_GB","og_type":"article","og_title":"Mentions l\u00e9gales - ACK International","og_description":"Mentions l\u00e9gales Propri\u00e9taire du site : Claude MAURET \u2013 Pr\u00e9sident Directeur G\u00e9n\u00e9ral de ACK International \u2013 SASU au capital de 5 000,00 \u20ac \u2013 Lieu dit Martissan 82110 Cazes-Mondenard, France TVA Intracom : FR30815177530 Num\u00e9ro SIRET : 81517753000012 Cr\u00e9ateur du site : Valentin MIONNET &#8211; contact@valentin-mionnet.com Responsable publication : Claude MAURET \u2013 mauret@ackinternational.com &#8211; +33 [&hellip;]","og_url":"https:\/\/ackinternational.com\/en\/mentions-legales\/","og_site_name":"ACK International","article_modified_time":"2022-12-15T09:46:26+00:00","twitter_card":"summary_large_image","twitter_misc":{"Estimated reading time":"1 minute"},"schema":{"@context":"https:\/\/schema.org","@graph":[{"@type":"WebPage","@id":"https:\/\/ackinternational.com\/mentions-legales\/","url":"https:\/\/ackinternational.com\/mentions-legales\/","name":"Mentions l\u00e9gales - ACK International","isPartOf":{"@id":"https:\/\/ackinternational.com\/#website"},"datePublished":"2021-06-25T08:36:16+00:00","dateModified":"2022-12-15T09:46:26+00:00","breadcrumb":{"@id":"https:\/\/ackinternational.com\/mentions-legales\/#breadcrumb"},"inLanguage":"en-GB","potentialAction":[{"@type":"ReadAction","target":["https:\/\/ackinternational.com\/mentions-legales\/"]}]},{"@type":"BreadcrumbList","@id":"https:\/\/ackinternational.com\/mentions-legales\/#breadcrumb","itemListElement":[{"@type":"ListItem","position":1,"name":"Accueil","item":"https:\/\/ackinternational.com\/"},{"@type":"ListItem","position":2,"name":"Mentions l\u00e9gales"}]},{"@type":"WebSite","@id":"https:\/\/ackinternational.com\/#website","url":"https:\/\/ackinternational.com\/","name":"ACK International","description":"","publisher":{"@id":"https:\/\/ackinternational.com\/#organization"},"potentialAction":[{"@type":"SearchAction","target":{"@type":"EntryPoint","urlTemplate":"https:\/\/ackinternational.com\/?s={search_term_string}"},"query-input":"required name=search_term_string"}],"inLanguage":"en-GB"},{"@type":"Organization","@id":"https:\/\/ackinternational.com\/#organization","name":"ACK International","url":"https:\/\/ackinternational.com\/","logo":{"@type":"ImageObject","inLanguage":"en-GB","@id":"https:\/\/ackinternational.com\/#\/schema\/logo\/image\/","url":"https:\/\/ackinternational.com\/wp-content\/uploads\/2018\/10\/logo_ack_login.png","contentUrl":"https:\/\/ackinternational.com\/wp-content\/uploads\/2018\/10\/logo_ack_login.png","width":167,"height":60,"caption":"ACK International"},"image":{"@id":"https:\/\/ackinternational.com\/#\/schema\/logo\/image\/"},"sameAs":["https:\/\/www.linkedin.com\/company\/ackinternational"]}]}},"_links":{"self":[{"href":"https:\/\/ackinternational.com\/en\/wp-json\/wp\/v2\/pages\/1037"}],"collection":[{"href":"https:\/\/ackinternational.com\/en\/wp-json\/wp\/v2\/pages"}],"about":[{"href":"https:\/\/ackinternational.com\/en\/wp-json\/wp\/v2\/types\/page"}],"author":[{"embeddable":true,"href":"https:\/\/ackinternational.com\/en\/wp-json\/wp\/v2\/users\/6"}],"replies":[{"embeddable":true,"href":"https:\/\/ackinternational.com\/en\/wp-json\/wp\/v2\/comments?post=1037"}],"version-history":[{"count":22,"href":"https:\/\/ackinternational.com\/en\/wp-json\/wp\/v2\/pages\/1037\/revisions"}],"predecessor-version":[{"id":4360,"href":"https:\/\/ackinternational.com\/en\/wp-json\/wp\/v2\/pages\/1037\/revisions\/4360"}],"wp:attachment":[{"href":"https:\/\/ackinternational.com\/en\/wp-json\/wp\/v2\/media?parent=1037"}],"curies":[{"name":"wp","href":"https:\/\/api.w.org\/{rel}","templated":true}]}}