{"id":1040,"date":"2021-06-25T10:43:06","date_gmt":"2021-06-25T08:43:06","guid":{"rendered":"https:\/\/ackinternational.com\/?page_id=1040"},"modified":"2021-10-18T11:27:09","modified_gmt":"2021-10-18T09:27:09","slug":"politique-de-confidentialite","status":"publish","type":"page","link":"https:\/\/ackinternational.com\/en\/politique-de-confidentialite\/","title":{"rendered":"Privacy policy"},"content":{"rendered":"<div data-elementor-type=\"wp-page\" data-elementor-id=\"1040\" class=\"elementor elementor-1040\" data-elementor-post-type=\"page\">\n\t\t\t\t\t\t<section class=\"elementor-section elementor-top-section elementor-element elementor-element-5823e5e elementor-section-boxed elementor-section-height-default elementor-section-height-default\" data-id=\"5823e5e\" data-element_type=\"section\" data-settings=\"{&quot;background_background&quot;:&quot;classic&quot;}\">\n\t\t\t\t\t\t<div class=\"elementor-container elementor-column-gap-default\">\n\t\t\t\t\t<div class=\"elementor-column elementor-col-100 elementor-top-column elementor-element elementor-element-2d2a506\" data-id=\"2d2a506\" data-element_type=\"column\">\n\t\t\t<div class=\"elementor-widget-wrap elementor-element-populated\">\n\t\t\t\t\t\t<div class=\"elementor-element elementor-element-90cb75c elementor-widget elementor-widget-heading\" data-id=\"90cb75c\" data-element_type=\"widget\" data-widget_type=\"heading.default\">\n\t\t\t\t<div class=\"elementor-widget-container\">\n\t\t\t<h1 class=\"elementor-heading-title elementor-size-default\">Privacy policy<\/h1>\t\t<\/div>\n\t\t\t\t<\/div>\n\t\t\t\t<div class=\"elementor-element elementor-element-37ea671 elementor-widget-divider--view-line_icon elementor-view-default elementor-widget-divider--element-align-center elementor-widget elementor-widget-divider\" data-id=\"37ea671\" data-element_type=\"widget\" data-widget_type=\"divider.default\">\n\t\t\t\t<div class=\"elementor-widget-container\">\n\t\t\t\t\t<div class=\"elementor-divider\">\n\t\t\t<span class=\"elementor-divider-separator\">\n\t\t\t\t\t\t\t<div class=\"elementor-icon elementor-divider__element\">\n\t\t\t\t\t<i aria-hidden=\"true\" class=\"fas fa-circle\"><\/i><\/div>\n\t\t\t\t\t\t<\/span>\n\t\t<\/div>\n\t\t\t\t<\/div>\n\t\t\t\t<\/div>\n\t\t\t\t<div class=\"elementor-element elementor-element-7ffe7bb elementor-widget elementor-widget-text-editor\" data-id=\"7ffe7bb\" data-element_type=\"widget\" data-widget_type=\"text-editor.default\">\n\t\t\t\t<div class=\"elementor-widget-container\">\n\t\t\t\t\t\t\t<p><strong>ACK International s&#8217;engage \u00e0 ce que la collecte et le traitement de vos donn\u00e9es, effectu\u00e9s \u00e0 partir du site ackinternational.com, soient conformes au r\u00e8glement g\u00e9n\u00e9ral sur la protection des donn\u00e9es (RGPD) et \u00e0 la loi Informatique et Libert\u00e9s<\/strong><\/p><p>Chaque formulaire ou t\u00e9l\u00e9service limite la collecte des donn\u00e9es personnelles au strict n\u00e9cessaire (minimisation des donn\u00e9es) et indique notamment :<\/p><ul><li>quels sont les objectifs du recueil de ces donn\u00e9es (finalit\u00e9s) ;<\/li><li>\u00a0si ces donn\u00e9es sont obligatoires ou facultatives pour la gestion de votre demande ;<\/li><li>qui pourra en prendre connaissance (uniquement ACK INTERNATIONAL en principe, sauf pr\u00e9cision dans le formulaire lorsqu\u2019une transmission \u00e0 un tiers est n\u00e9cessaire \u00e0 la gestion de votre demande) ;<\/li><li>vos droits Informatique et Libert\u00e9s et la fa\u00e7on de les exercer aupr\u00e8s de ACK International.<\/li><\/ul><p>Les donn\u00e9es personnelles recueillies dans le cadre des services propos\u00e9s sur ackinternational.com sont trait\u00e9es selon des protocoles s\u00e9curis\u00e9s et permettent \u00e0 ACK International de g\u00e9rer les demandes re\u00e7ues dans ses applications informatiques. Pour toute information ou exercice de vos droits Informatique et Libert\u00e9s sur les traitements de donn\u00e9es personnelles g\u00e9r\u00e9s par ACK International, vous pouvez contacter son g\u00e9rant via : mail \u00e0 mauret@ackinternational.com ; ou par courrier \u00e0 l\u2019adresse suivante :ACK International, Martissan, 82110 Cazes-Mondenard, France, accompagn\u00e9 de la copie d\u2019un titre d\u2019identit\u00e9.<\/p><p><strong>A propos des cookies<\/strong><\/p><p>Nous utilisons diff\u00e9rents cookies sur le site pour am\u00e9liorer l\u2019interactivit\u00e9 du site et nos services.<\/p><p><strong>Qu\u2019est-ce qu\u2019un \u00ab cookie \u00bb ?<\/strong><\/p><p>Un \u00ab\u00a0cookie\u00a0\u00bb est un fichier de taille limit\u00e9e, g\u00e9n\u00e9ralement constitu\u00e9 de lettres et de chiffres, envoy\u00e9 par le serveur internet au fichier cookie du navigateur situ\u00e9 sur le disque dur de votre ordinateur.<\/p><p><strong>3 types de cookies sont d\u00e9pos\u00e9s sur le site ackinternational.com :<\/strong><\/p><p><span style=\"text-decoration: underline;\">Cookies internes n\u00e9cessaires au site pour fonctionner :<\/span><\/p><p>Ces cookies permettent au site de fonctionner de mani\u00e8re optimale. Vous pouvez vous y opposer et les supprimer en utilisant les param\u00e8tres de votre navigateur, cependant votre exp\u00e9rience utilisateur risque d\u2019\u00eatre d\u00e9grad\u00e9e.<\/p><p><span style=\"text-decoration: underline;\">Cookies de mesure d\u2019audience :<\/span><\/p><p>En vue d\u2019adapter le site aux demandes de ses visiteurs, nous mesurons le nombre de visites, le nombre de pages vues ainsi que l\u2019activit\u00e9 des visiteurs sur le site et leur fr\u00e9quence de retour.<\/p><p><span style=\"text-decoration: underline;\">Cookies tiers destin\u00e9s \u00e0 am\u00e9liorer l\u2019interactivit\u00e9 du site :<\/span><\/p><p>Le site ackinternational.com s\u2019appuie sur certains services propos\u00e9s par des sites tiers. Il s\u2019agit notamment : Des boutons de partage Facebook et Instagram. Des vid\u00e9os diffus\u00e9es sur le site Youtube. Ces fonctionnalit\u00e9s utilisent des cookies tiers directement d\u00e9pos\u00e9s par ces services. Lors de votre premi\u00e8re visite sur ackinternational.com, un bandeau vous informe de la pr\u00e9sence de ces cookies et vous invite \u00e0 indiquer votre choix. Ils ne sont d\u00e9pos\u00e9s que si vous les acceptez ou que vous poursuivez votre navigation sur le site en visitant une seconde page de ackinternational.com. Vous pouvez \u00e0 tout moment param\u00e9trer vos cookies pour les accepter ou les refuser en vous rendant sur les param\u00e8tres de votre navigateur.<\/p>\t\t\t\t\t\t<\/div>\n\t\t\t\t<\/div>\n\t\t\t\t\t<\/div>\n\t\t<\/div>\n\t\t\t\t\t<\/div>\n\t\t<\/section>\n\t\t\t\t<\/div>","protected":false},"excerpt":{"rendered":"<p>Politique de confidentialit\u00e9 ACK International s&#8217;engage \u00e0 ce que la collecte et le traitement de vos donn\u00e9es, effectu\u00e9s \u00e0 partir du site ackinternational.com, soient conformes au r\u00e8glement g\u00e9n\u00e9ral sur la protection des donn\u00e9es (RGPD) et \u00e0 la loi Informatique et Libert\u00e9s Chaque formulaire ou t\u00e9l\u00e9service limite la collecte des donn\u00e9es personnelles au strict n\u00e9cessaire (minimisation [&hellip;]<\/p>","protected":false},"author":6,"featured_media":0,"parent":0,"menu_order":14,"comment_status":"closed","ping_status":"closed","template":"","meta":{"_acf_changed":false,"footnotes":""},"acf":[],"yoast_head":"<!-- This site is optimized with the Yoast SEO plugin v22.9 - https:\/\/yoast.com\/wordpress\/plugins\/seo\/ -->\n<title>Politique de confidentialit\u00e9 - ACK International<\/title>\n<meta name=\"robots\" content=\"index, follow, max-snippet:-1, max-image-preview:large, max-video-preview:-1\" \/>\n<link rel=\"canonical\" href=\"https:\/\/ackinternational.com\/en\/politique-de-confidentialite\/\" \/>\n<meta property=\"og:locale\" content=\"en_GB\" \/>\n<meta property=\"og:type\" content=\"article\" \/>\n<meta property=\"og:title\" content=\"Politique de confidentialit\u00e9 - ACK International\" \/>\n<meta property=\"og:description\" content=\"Politique de confidentialit\u00e9 ACK International s&#8217;engage \u00e0 ce que la collecte et le traitement de vos donn\u00e9es, effectu\u00e9s \u00e0 partir du site ackinternational.com, soient conformes au r\u00e8glement g\u00e9n\u00e9ral sur la protection des donn\u00e9es (RGPD) et \u00e0 la loi Informatique et Libert\u00e9s Chaque formulaire ou t\u00e9l\u00e9service limite la collecte des donn\u00e9es personnelles au strict n\u00e9cessaire (minimisation [&hellip;]\" \/>\n<meta property=\"og:url\" content=\"https:\/\/ackinternational.com\/en\/politique-de-confidentialite\/\" \/>\n<meta property=\"og:site_name\" content=\"ACK International\" \/>\n<meta property=\"article:modified_time\" content=\"2021-10-18T09:27:09+00:00\" \/>\n<meta name=\"twitter:card\" content=\"summary_large_image\" \/>\n<meta name=\"twitter:label1\" content=\"Estimated reading time\" \/>\n\t<meta name=\"twitter:data1\" content=\"3 minutes\" \/>\n<script type=\"application\/ld+json\" class=\"yoast-schema-graph\">{\"@context\":\"https:\/\/schema.org\",\"@graph\":[{\"@type\":\"WebPage\",\"@id\":\"https:\/\/ackinternational.com\/politique-de-confidentialite\/\",\"url\":\"https:\/\/ackinternational.com\/politique-de-confidentialite\/\",\"name\":\"Politique de confidentialit\u00e9 - ACK International\",\"isPartOf\":{\"@id\":\"https:\/\/ackinternational.com\/#website\"},\"datePublished\":\"2021-06-25T08:43:06+00:00\",\"dateModified\":\"2021-10-18T09:27:09+00:00\",\"breadcrumb\":{\"@id\":\"https:\/\/ackinternational.com\/politique-de-confidentialite\/#breadcrumb\"},\"inLanguage\":\"en-GB\",\"potentialAction\":[{\"@type\":\"ReadAction\",\"target\":[\"https:\/\/ackinternational.com\/politique-de-confidentialite\/\"]}]},{\"@type\":\"BreadcrumbList\",\"@id\":\"https:\/\/ackinternational.com\/politique-de-confidentialite\/#breadcrumb\",\"itemListElement\":[{\"@type\":\"ListItem\",\"position\":1,\"name\":\"Accueil\",\"item\":\"https:\/\/ackinternational.com\/\"},{\"@type\":\"ListItem\",\"position\":2,\"name\":\"Politique de confidentialit\u00e9\"}]},{\"@type\":\"WebSite\",\"@id\":\"https:\/\/ackinternational.com\/#website\",\"url\":\"https:\/\/ackinternational.com\/\",\"name\":\"ACK International\",\"description\":\"\",\"publisher\":{\"@id\":\"https:\/\/ackinternational.com\/#organization\"},\"potentialAction\":[{\"@type\":\"SearchAction\",\"target\":{\"@type\":\"EntryPoint\",\"urlTemplate\":\"https:\/\/ackinternational.com\/?s={search_term_string}\"},\"query-input\":\"required name=search_term_string\"}],\"inLanguage\":\"en-GB\"},{\"@type\":\"Organization\",\"@id\":\"https:\/\/ackinternational.com\/#organization\",\"name\":\"ACK International\",\"url\":\"https:\/\/ackinternational.com\/\",\"logo\":{\"@type\":\"ImageObject\",\"inLanguage\":\"en-GB\",\"@id\":\"https:\/\/ackinternational.com\/#\/schema\/logo\/image\/\",\"url\":\"https:\/\/ackinternational.com\/wp-content\/uploads\/2018\/10\/logo_ack_login.png\",\"contentUrl\":\"https:\/\/ackinternational.com\/wp-content\/uploads\/2018\/10\/logo_ack_login.png\",\"width\":167,\"height\":60,\"caption\":\"ACK International\"},\"image\":{\"@id\":\"https:\/\/ackinternational.com\/#\/schema\/logo\/image\/\"},\"sameAs\":[\"https:\/\/www.linkedin.com\/company\/ackinternational\"]}]}<\/script>\n<!-- \/ Yoast SEO plugin. -->","yoast_head_json":{"title":"Politique de confidentialit\u00e9 - ACK International","robots":{"index":"index","follow":"follow","max-snippet":"max-snippet:-1","max-image-preview":"max-image-preview:large","max-video-preview":"max-video-preview:-1"},"canonical":"https:\/\/ackinternational.com\/en\/politique-de-confidentialite\/","og_locale":"en_GB","og_type":"article","og_title":"Politique de confidentialit\u00e9 - ACK International","og_description":"Politique de confidentialit\u00e9 ACK International s&#8217;engage \u00e0 ce que la collecte et le traitement de vos donn\u00e9es, effectu\u00e9s \u00e0 partir du site ackinternational.com, soient conformes au r\u00e8glement g\u00e9n\u00e9ral sur la protection des donn\u00e9es (RGPD) et \u00e0 la loi Informatique et Libert\u00e9s Chaque formulaire ou t\u00e9l\u00e9service limite la collecte des donn\u00e9es personnelles au strict n\u00e9cessaire (minimisation [&hellip;]","og_url":"https:\/\/ackinternational.com\/en\/politique-de-confidentialite\/","og_site_name":"ACK International","article_modified_time":"2021-10-18T09:27:09+00:00","twitter_card":"summary_large_image","twitter_misc":{"Estimated reading time":"3 minutes"},"schema":{"@context":"https:\/\/schema.org","@graph":[{"@type":"WebPage","@id":"https:\/\/ackinternational.com\/politique-de-confidentialite\/","url":"https:\/\/ackinternational.com\/politique-de-confidentialite\/","name":"Politique de confidentialit\u00e9 - ACK International","isPartOf":{"@id":"https:\/\/ackinternational.com\/#website"},"datePublished":"2021-06-25T08:43:06+00:00","dateModified":"2021-10-18T09:27:09+00:00","breadcrumb":{"@id":"https:\/\/ackinternational.com\/politique-de-confidentialite\/#breadcrumb"},"inLanguage":"en-GB","potentialAction":[{"@type":"ReadAction","target":["https:\/\/ackinternational.com\/politique-de-confidentialite\/"]}]},{"@type":"BreadcrumbList","@id":"https:\/\/ackinternational.com\/politique-de-confidentialite\/#breadcrumb","itemListElement":[{"@type":"ListItem","position":1,"name":"Accueil","item":"https:\/\/ackinternational.com\/"},{"@type":"ListItem","position":2,"name":"Politique de confidentialit\u00e9"}]},{"@type":"WebSite","@id":"https:\/\/ackinternational.com\/#website","url":"https:\/\/ackinternational.com\/","name":"ACK International","description":"","publisher":{"@id":"https:\/\/ackinternational.com\/#organization"},"potentialAction":[{"@type":"SearchAction","target":{"@type":"EntryPoint","urlTemplate":"https:\/\/ackinternational.com\/?s={search_term_string}"},"query-input":"required name=search_term_string"}],"inLanguage":"en-GB"},{"@type":"Organization","@id":"https:\/\/ackinternational.com\/#organization","name":"ACK International","url":"https:\/\/ackinternational.com\/","logo":{"@type":"ImageObject","inLanguage":"en-GB","@id":"https:\/\/ackinternational.com\/#\/schema\/logo\/image\/","url":"https:\/\/ackinternational.com\/wp-content\/uploads\/2018\/10\/logo_ack_login.png","contentUrl":"https:\/\/ackinternational.com\/wp-content\/uploads\/2018\/10\/logo_ack_login.png","width":167,"height":60,"caption":"ACK International"},"image":{"@id":"https:\/\/ackinternational.com\/#\/schema\/logo\/image\/"},"sameAs":["https:\/\/www.linkedin.com\/company\/ackinternational"]}]}},"_links":{"self":[{"href":"https:\/\/ackinternational.com\/en\/wp-json\/wp\/v2\/pages\/1040"}],"collection":[{"href":"https:\/\/ackinternational.com\/en\/wp-json\/wp\/v2\/pages"}],"about":[{"href":"https:\/\/ackinternational.com\/en\/wp-json\/wp\/v2\/types\/page"}],"author":[{"embeddable":true,"href":"https:\/\/ackinternational.com\/en\/wp-json\/wp\/v2\/users\/6"}],"replies":[{"embeddable":true,"href":"https:\/\/ackinternational.com\/en\/wp-json\/wp\/v2\/comments?post=1040"}],"version-history":[{"count":7,"href":"https:\/\/ackinternational.com\/en\/wp-json\/wp\/v2\/pages\/1040\/revisions"}],"predecessor-version":[{"id":3910,"href":"https:\/\/ackinternational.com\/en\/wp-json\/wp\/v2\/pages\/1040\/revisions\/3910"}],"wp:attachment":[{"href":"https:\/\/ackinternational.com\/en\/wp-json\/wp\/v2\/media?parent=1040"}],"curies":[{"name":"wp","href":"https:\/\/api.w.org\/{rel}","templated":true}]}}